{"id":36,"date":"2017-10-17T17:33:32","date_gmt":"2017-10-17T15:33:32","guid":{"rendered":"http:\/\/lebendiger-adventskalender-forsbach.de\/wordpress\/?page_id=36"},"modified":"2025-11-03T13:19:19","modified_gmt":"2025-11-03T12:19:19","slug":"startseite","status":"publish","type":"page","link":"https:\/\/lebendiger-adventskalender-forsbach.de\/wordpress\/","title":{"rendered":"Startseite"},"content":{"rendered":"<p>Willkommen beim lebendigen Adventskalender in Forsbach.<\/p>\n<p>Liebe Freunde und Unterst\u00fctzer des lebendigen Adventskalenders Forsbach. Nachdem uns bereits die ein oder andere Anfrage f\u00fcr dieses Jahr erreicht hat, m\u00f6chten wir den lebendigen Adventskalender auch in 2025 wieder auf die Beine stellen.<\/p>\n<p>Wir hoffen also darauf, dass sich dieses Jahr wieder m\u00f6glichst viele motivierte Mitmenschen finden, die ein T\u00fcrchen unseres lebendigen Adventskalenders f\u00fcllen wollen.<\/p>\n<p>Sollte die Beteiligung dieses Jahr \u00e4hnlich schwach sein wie letztes Jahr, dann w\u00fcrden wir uns mit den Terminen eventuell auf die Wochenenden beschr\u00e4nken.<\/p>\n\n\n<a\n      href=\"javascript:void(\n        window.open(\n          'https:\/\/form.jotform.com\/223082494953866',\n          'blank',\n          'scrollbars=yes,\n          toolbar=no,\n          width=700,\n          height=800'\n        )\n      )\n    \">\n      Hier<\/a> k\u00f6nnt ihr euch direkt eintragen, wenn ihr 2025 ein Fenster machen wollt.<\/p>\n     \n","protected":false},"excerpt":{"rendered":"<p>Willkommen beim lebendigen Adventskalender in Forsbach. Liebe Freunde und Unterst\u00fctzer des lebendigen Adventskalenders Forsbach. Nachdem uns bereits die ein oder andere Anfrage f\u00fcr dieses Jahr erreicht hat, m\u00f6chten wir den lebendigen Adventskalender auch in 2025 wieder auf die Beine stellen. Wir hoffen also darauf, dass sich dieses Jahr wieder m\u00f6glichst viele motivierte Mitmenschen finden, die &hellip; <\/p>\n<p class=\"link-more\"><a href=\"https:\/\/lebendiger-adventskalender-forsbach.de\/wordpress\/\" class=\"more-link\"><span class=\"screen-reader-text\">\u201eStartseite\u201c<\/span> weiterlesen<\/a><\/p>\n","protected":false},"author":1,"featured_media":0,"parent":0,"menu_order":0,"comment_status":"closed","ping_status":"closed","template":"","meta":{"footnotes":""},"class_list":["post-36","page","type-page","status-publish","hentry"],"post_mailing_queue_ids":[],"_links":{"self":[{"href":"https:\/\/lebendiger-adventskalender-forsbach.de\/wordpress\/wp-json\/wp\/v2\/pages\/36","targetHints":{"allow":["GET"]}}],"collection":[{"href":"https:\/\/lebendiger-adventskalender-forsbach.de\/wordpress\/wp-json\/wp\/v2\/pages"}],"about":[{"href":"https:\/\/lebendiger-adventskalender-forsbach.de\/wordpress\/wp-json\/wp\/v2\/types\/page"}],"author":[{"embeddable":true,"href":"https:\/\/lebendiger-adventskalender-forsbach.de\/wordpress\/wp-json\/wp\/v2\/users\/1"}],"replies":[{"embeddable":true,"href":"https:\/\/lebendiger-adventskalender-forsbach.de\/wordpress\/wp-json\/wp\/v2\/comments?post=36"}],"version-history":[{"count":9,"href":"https:\/\/lebendiger-adventskalender-forsbach.de\/wordpress\/wp-json\/wp\/v2\/pages\/36\/revisions"}],"predecessor-version":[{"id":736,"href":"https:\/\/lebendiger-adventskalender-forsbach.de\/wordpress\/wp-json\/wp\/v2\/pages\/36\/revisions\/736"}],"wp:attachment":[{"href":"https:\/\/lebendiger-adventskalender-forsbach.de\/wordpress\/wp-json\/wp\/v2\/media?parent=36"}],"curies":[{"name":"wp","href":"https:\/\/api.w.org\/{rel}","templated":true}]}}