{"id":37,"date":"2017-10-17T17:33:32","date_gmt":"2017-10-17T15:33:32","guid":{"rendered":"http:\/\/lebendiger-adventskalender-forsbach.de\/wordpress\/?page_id=37"},"modified":"2025-11-03T13:20:19","modified_gmt":"2025-11-03T12:20:19","slug":"about","status":"publish","type":"page","link":"https:\/\/lebendiger-adventskalender-forsbach.de\/wordpress\/about\/","title":{"rendered":"\u00dcber den Adventskalender"},"content":{"rendered":"\n <p><strong>An vielen Abenden im Dezember \u00f6ffnet sich um 17.30 Uhr ein Fenster eines Forsbacher Hauses.<\/strong><\/p>\n<p>Die \u201eAdventst\u00fcrchen\u201c sind w\u00e4hrend der gesamten Adventszeit mit der jeweiligen Zahl kenntlich gemacht. Ihr habt bestimmt schon die ein oder andere entdeckt \u2013 jetzt wisst Ihr, was es damit auf sich hat.<\/p>\n<p>Alle \u00a0Interessierten \u2013 Eltern, Kinder, Omas, Opas, Nachbarn, \u2026 \u2013\u00a0 versammeln sich vor dem geschm\u00fcckten oder erleuchteten Fenster und h\u00f6ren eine Geschichte, ein Gedicht oder ein Lied und feiern etwa eine Viertelstunde lang gemeinsam Advent.<\/p>\n<p>Um immer auf dem laufenden zu bleiben \u00fcber alle Termine usw., k\u00f6nnt ihr euch f\u00fcr einen unserer Newsletter registrieren oder einfach regelm\u00e4\u00dfig auf dieser Seite vorbei schauen.<\/p>\n<p><!--more-->Wenn ihr selber ein Fenster machen wollt, dann k\u00f6nnt ihr euch <a\n      href=\"javascript:void(\n        window.open(\n          'https:\/\/form.jotform.com\/223082494953866',\n          'blank',\n          'scrollbars=yes,\n          toolbar=no,\n          width=700,\n          height=800'\n        )\n      )\n    \">\n      hier<\/a> direkt eintragen. <\/p>\n<p>in den Kalender eintragen. Beim Eintragen in den Kalender bitte nicht vergessen eure Adresse und eventuell notwendige Zusatzinfos wie &#8222;hinten im Garten&#8220; oder \u00e4hnliches anzugeben, damit die Fenster auch gefunden werden. Sch\u00f6n w\u00e4re ein Eintrag wie folgt:<\/p>\n<p>Name, Anschrift, Zusatzhinweis<\/p>\n<p>Hier k\u00f6nnt ihr euch zu dem einfachen Mailverteiler anmelden. Dann erhaltet ihr automatisch eine email Benachrichtigung sobald es eine neue wichtige Information oder neues zu Terminen gibt.<\/p>\n<p><strong><div class=\"emaillist\" id=\"es_form_f0-n1\"><form action=\"\/wordpress\/wp-json\/wp\/v2\/pages\/37#es_form_f0-n1\" method=\"post\" class=\"es_subscription_form es_shortcode_form  es_ajax_subscription_form\" id=\"es_subscription_form_69d23fdd50abd\" data-source=\"ig-es\" data-form-id=\"0\"><div class=\"es-field-wrap\"><label>Name<br \/><input type=\"text\" name=\"esfpx_name\" class=\"ig_es_form_field_name\" placeholder=\"\" value=\"\" \/><\/label><\/div><div class=\"es-field-wrap ig-es-form-field\"><label class=\"es-field-label\">E-Mail*<br \/><input class=\"es_required_field es_txt_email ig_es_form_field_email ig-es-form-input\" type=\"email\" name=\"esfpx_email\" value=\"\" placeholder=\"\" required=\"required\" \/><\/label><\/div><input type=\"hidden\" name=\"esfpx_lists[]\" value=\"0af78686b2f7\" \/><input type=\"hidden\" name=\"esfpx_form_id\" value=\"0\" \/><input type=\"hidden\" name=\"es\" value=\"subscribe\" \/>\n\t\t\t<input type=\"hidden\" name=\"esfpx_es_form_identifier\" value=\"f0-n1\" \/>\n\t\t\t<input type=\"hidden\" name=\"esfpx_es_email_page\" value=\"37\" \/>\n\t\t\t<input type=\"hidden\" name=\"esfpx_es_email_page_url\" value=\"https:\/\/lebendiger-adventskalender-forsbach.de\/wordpress\/about\/\" \/>\n\t\t\t<input type=\"hidden\" name=\"esfpx_status\" value=\"Unconfirmed\" \/>\n\t\t\t<input type=\"hidden\" name=\"esfpx_es-subscribe\" id=\"es-subscribe-69d23fdd50abd\" value=\"32f34820bd\" \/>\n\t\t\t<label style=\"position:absolute;top:-99999px;left:-99999px;z-index:-99;\" aria-hidden=\"true\"><span hidden>Please leave this field empty.<\/span><input type=\"email\" name=\"esfpx_es_hp_email\" class=\"es_required_field\" tabindex=\"-1\" autocomplete=\"-1\" value=\"\" \/><\/label><input type=\"submit\" name=\"submit\" class=\"es_subscription_form_submit es_submit_button es_textbox_button\" id=\"es_subscription_form_submit_69d23fdd50abd\" value=\"Abonnieren\" \/><span class=\"es_spinner_image\" id=\"spinner-image\"><img decoding=\"async\" src=\"https:\/\/lebendiger-adventskalender-forsbach.de\/wordpress\/wp-content\/plugins\/email-subscribers\/lite\/public\/images\/spinner.gif\" alt=\"Loading\" \/><\/span><\/form><span class=\"es_subscription_message \" id=\"es_subscription_message_69d23fdd50abd\" role=\"alert\" aria-live=\"assertive\"><\/span><\/div><\/strong><\/p>\n<a\n      href=\"javascript:void(\n        window.open(\n          'https:\/\/form.jotform.com\/223082494953866',\n          'blank',\n          'scrollbars=yes,\n          toolbar=no,\n          width=700,\n          height=800'\n        )\n      )\n    \">\n      Hier<\/a> k\u00f6nnt ihr euch direkt eintragen, wenn ihr 2025 ein Fenster machen wollt.<\/p>\n","protected":false},"excerpt":{"rendered":"<p>An vielen Abenden im Dezember \u00f6ffnet sich um 17.30 Uhr ein Fenster eines Forsbacher Hauses. Die \u201eAdventst\u00fcrchen\u201c sind w\u00e4hrend der gesamten Adventszeit mit der jeweiligen Zahl kenntlich gemacht. Ihr habt bestimmt schon die ein oder andere entdeckt \u2013 jetzt wisst Ihr, was es damit auf sich hat. Alle \u00a0Interessierten \u2013 Eltern, Kinder, Omas, Opas, Nachbarn, &hellip; <\/p>\n<p class=\"link-more\"><a href=\"https:\/\/lebendiger-adventskalender-forsbach.de\/wordpress\/about\/\" class=\"more-link\"><span class=\"screen-reader-text\">\u201e\u00dcber den Adventskalender\u201c<\/span> weiterlesen<\/a><\/p>\n","protected":false},"author":1,"featured_media":76,"parent":0,"menu_order":0,"comment_status":"closed","ping_status":"closed","template":"","meta":{"footnotes":""},"class_list":["post-37","page","type-page","status-publish","has-post-thumbnail","hentry"],"post_mailing_queue_ids":[],"_links":{"self":[{"href":"https:\/\/lebendiger-adventskalender-forsbach.de\/wordpress\/wp-json\/wp\/v2\/pages\/37","targetHints":{"allow":["GET"]}}],"collection":[{"href":"https:\/\/lebendiger-adventskalender-forsbach.de\/wordpress\/wp-json\/wp\/v2\/pages"}],"about":[{"href":"https:\/\/lebendiger-adventskalender-forsbach.de\/wordpress\/wp-json\/wp\/v2\/types\/page"}],"author":[{"embeddable":true,"href":"https:\/\/lebendiger-adventskalender-forsbach.de\/wordpress\/wp-json\/wp\/v2\/users\/1"}],"replies":[{"embeddable":true,"href":"https:\/\/lebendiger-adventskalender-forsbach.de\/wordpress\/wp-json\/wp\/v2\/comments?post=37"}],"version-history":[{"count":10,"href":"https:\/\/lebendiger-adventskalender-forsbach.de\/wordpress\/wp-json\/wp\/v2\/pages\/37\/revisions"}],"predecessor-version":[{"id":738,"href":"https:\/\/lebendiger-adventskalender-forsbach.de\/wordpress\/wp-json\/wp\/v2\/pages\/37\/revisions\/738"}],"wp:featuredmedia":[{"embeddable":true,"href":"https:\/\/lebendiger-adventskalender-forsbach.de\/wordpress\/wp-json\/wp\/v2\/media\/76"}],"wp:attachment":[{"href":"https:\/\/lebendiger-adventskalender-forsbach.de\/wordpress\/wp-json\/wp\/v2\/media?parent=37"}],"curies":[{"name":"wp","href":"https:\/\/api.w.org\/{rel}","templated":true}]}}