{"id":548,"date":"2025-11-04T09:10:42","date_gmt":"2025-11-04T08:10:42","guid":{"rendered":"https:\/\/lebendiger-adventskalender-forsbach.de\/wordpress\/?page_id=548"},"modified":"2025-11-04T09:43:57","modified_gmt":"2025-11-04T08:43:57","slug":"impressum","status":"publish","type":"page","link":"https:\/\/lebendiger-adventskalender-forsbach.de\/wordpress\/impressum\/","title":{"rendered":"Impressum"},"content":{"rendered":"\n<p>Diese Seite (<a href=\"https:\/\/lebendiger-adventskalender-forsbach.de\/wordpress\/wp-admin\/post.php?post=548&amp;action=edit\">https:\/\/lebendiger-adventskalender-forsbach.de<\/a>) ist eine rein private Internetpr\u00e4senz die nur zur Information und Organisation unseres \u00f6rtlichen lebendigen Adventskalenders dient.<\/p>\n\n\n\n<p>Verantwortlich f\u00fcr die Gestaltung und den Inhalt sind Andrea Hansj\u00fcrgens und Mike Hansj\u00fcrgens.<\/p>\n\n\n\n<p>Kontakt: info@lebendiger-adventskalender-forsbach.de<\/p>\n\n\n\n<p><\/p>\n","protected":false},"excerpt":{"rendered":"<p>Diese Seite (https:\/\/lebendiger-adventskalender-forsbach.de) ist eine rein private Internetpr\u00e4senz die nur zur Information und Organisation unseres \u00f6rtlichen lebendigen Adventskalenders dient. Verantwortlich f\u00fcr die Gestaltung und den Inhalt sind Andrea Hansj\u00fcrgens und Mike Hansj\u00fcrgens. Kontakt: info@lebendiger-adventskalender-forsbach.de<\/p>\n","protected":false},"author":1,"featured_media":0,"parent":0,"menu_order":0,"comment_status":"closed","ping_status":"closed","template":"","meta":{"footnotes":""},"class_list":["post-548","page","type-page","status-publish","hentry"],"post_mailing_queue_ids":[],"_links":{"self":[{"href":"https:\/\/lebendiger-adventskalender-forsbach.de\/wordpress\/wp-json\/wp\/v2\/pages\/548","targetHints":{"allow":["GET"]}}],"collection":[{"href":"https:\/\/lebendiger-adventskalender-forsbach.de\/wordpress\/wp-json\/wp\/v2\/pages"}],"about":[{"href":"https:\/\/lebendiger-adventskalender-forsbach.de\/wordpress\/wp-json\/wp\/v2\/types\/page"}],"author":[{"embeddable":true,"href":"https:\/\/lebendiger-adventskalender-forsbach.de\/wordpress\/wp-json\/wp\/v2\/users\/1"}],"replies":[{"embeddable":true,"href":"https:\/\/lebendiger-adventskalender-forsbach.de\/wordpress\/wp-json\/wp\/v2\/comments?post=548"}],"version-history":[{"count":4,"href":"https:\/\/lebendiger-adventskalender-forsbach.de\/wordpress\/wp-json\/wp\/v2\/pages\/548\/revisions"}],"predecessor-version":[{"id":760,"href":"https:\/\/lebendiger-adventskalender-forsbach.de\/wordpress\/wp-json\/wp\/v2\/pages\/548\/revisions\/760"}],"wp:attachment":[{"href":"https:\/\/lebendiger-adventskalender-forsbach.de\/wordpress\/wp-json\/wp\/v2\/media?parent=548"}],"curies":[{"name":"wp","href":"https:\/\/api.w.org\/{rel}","templated":true}]}}