{"id":741,"date":"2025-11-03T19:04:30","date_gmt":"2025-11-03T18:04:30","guid":{"rendered":"https:\/\/lebendiger-adventskalender-forsbach.de\/wordpress\/?page_id=741"},"modified":"2025-11-03T19:04:30","modified_gmt":"2025-11-03T18:04:30","slug":"datenschutzerklaerung","status":"publish","type":"page","link":"https:\/\/lebendiger-adventskalender-forsbach.de\/wordpress\/datenschutzerklaerung\/","title":{"rendered":"Datenschutzerkl\u00e4rung"},"content":{"rendered":"\n<h2 class=\"wp-block-heading\">A. Wer wir sind<\/h2>\n\n\n\n<p>Die Adresse unserer Website ist: https:\/\/lebendiger-adventskalender-forsbach.de.<\/p>\n\n\n\n<p>Verantwortliche f\u00fcr die Seite sind Mike und Andrea Hansj\u00fcrgens. E-Mail: info@lebendiger-adventskalender-forsbach.de<\/p>\n\n\n\n<h2 class=\"wp-block-heading\">B. Kommentare<\/h2>\n\n\n\n<p>Wenn Besucher Kommentare auf der Website schreiben, sammeln wir die Daten, die im Kommentar-Formular angezeigt werden, au\u00dferdem die IP-Adresse des Besuchers und den User-Agent-String (damit wird der Browser identifiziert), um die Erkennung von Spam zu unterst\u00fctzen.<\/p>\n\n\n\n<p>Aus deiner E-Mail-Adresse kann eine anonymisierte Zeichenfolge erstellt (auch Hash genannt) und dem Gravatar-Dienst \u00fcbergeben werden, um zu pr\u00fcfen, ob du diesen benutzt. Die Datenschutzerkl\u00e4rung des Gravatar-Dienstes findest du hier: https:\/\/automattic.com\/privacy\/. Nachdem dein Kommentar freigegeben wurde, ist dein Profilbild \u00f6ffentlich im Kontext deines Kommentars sichtbar.<\/p>\n\n\n\n<h2 class=\"wp-block-heading\">C. Medien<\/h2>\n\n\n\n<p>Wenn du ein registrierter Benutzer bist und Fotos auf diese Website l\u00e4dst, solltest du vermeiden, Fotos mit einem EXIF-GPS-Standort hochzuladen. Besucher dieser Website k\u00f6nnten Fotos, die auf dieser Website gespeichert sind, herunterladen und deren Standort-Informationen extrahieren.<\/p>\n\n\n\n<h2 class=\"wp-block-heading\">D. Cookies<\/h2>\n\n\n\n<p>Wenn du einen Kommentar auf unserer Website schreibst, kann das eine Einwilligung sein, deinen Namen, E-Mail-Adresse und Website in Cookies zu speichern. Dies ist eine Komfortfunktion, damit du nicht, wenn du einen weiteren Kommentar schreibst, all diese Daten erneut eingeben musst. Diese Cookies werden ein Jahr lang gespeichert.<\/p>\n\n\n\n<p>Falls du ein Konto hast und dich auf dieser Website anmeldest, werden wir ein tempor\u00e4res Cookie setzen, um festzustellen, ob dein Browser Cookies akzeptiert. Dieses Cookie enth\u00e4lt keine personenbezogenen Daten und wird verworfen, wenn du deinen Browser schlie\u00dft.<\/p>\n\n\n\n<p>Wenn du dich anmeldest, werden wir einige Cookies einrichten, um deine Anmeldeinformationen und Anzeigeoptionen zu speichern. Anmelde-Cookies verfallen nach zwei Tagen und Cookies f\u00fcr die Anzeigeoptionen nach einem Jahr. Falls du bei der Anmeldung \u201eAngemeldet bleiben\u201c ausw\u00e4hlst, wird deine Anmeldung zwei Wochen lang aufrechterhalten. Mit der Abmeldung aus deinem Konto werden die Anmelde-Cookies gel\u00f6scht.<\/p>\n\n\n\n<p>Wenn du einen Artikel bearbeitest oder ver\u00f6ffentlichst, wird ein zus\u00e4tzlicher Cookie in deinem Browser gespeichert. Dieser Cookie enth\u00e4lt keine personenbezogenen Daten und verweist nur auf die Beitrags-ID des Artikels, den du gerade bearbeitet hast. Der Cookie verf\u00e4llt nach einem Tag.<\/p>\n\n\n\n<h2 class=\"wp-block-heading\">E. Eingebettete Inhalte von anderen Websites<\/h2>\n\n\n\n<p>Beitr\u00e4ge auf dieser Website k\u00f6nnen eingebettete Inhalte beinhalten (z.\u00a0B. Videos, Bilder, Beitr\u00e4ge etc.). Eingebettete Inhalte von anderen Websites verhalten sich exakt so, als ob der Besucher die andere Website besucht h\u00e4tte.<\/p>\n\n\n\n<p>Diese Websites k\u00f6nnen Daten \u00fcber dich sammeln, Cookies benutzen, zus\u00e4tzliche Tracking-Dienste von Dritten einbetten und deine Interaktion mit diesem eingebetteten Inhalt aufzeichnen, inklusive deiner Interaktion mit dem eingebetteten Inhalt, falls du ein Konto hast und auf dieser Website angemeldet bist.<\/p>\n\n\n\n<h2 class=\"wp-block-heading\">F. Mit wem wir deine Daten teilen<\/h2>\n\n\n\n<p>Wenn du eine Zur\u00fccksetzung des Passworts beantragst, wird deine IP-Adresse in der E-Mail zur Zur\u00fccksetzung enthalten sein.<\/p>\n\n\n\n<h2 class=\"wp-block-heading\">G. Wie lange wir deine Daten speichern<\/h2>\n\n\n\n<p>Wenn du einen Kommentar schreibst, wird dieser inklusive Metadaten zeitlich unbegrenzt gespeichert. Auf diese Art k\u00f6nnen wir Folgekommentare automatisch erkennen und freigeben, anstatt sie in einer Moderations-Warteschlange festzuhalten.<\/p>\n\n\n\n<p>F\u00fcr Benutzer, die sich auf unserer Website registrieren, speichern wir zus\u00e4tzlich die pers\u00f6nlichen Informationen, die sie in ihren Benutzerprofilen angeben. Alle Benutzer k\u00f6nnen jederzeit ihre pers\u00f6nlichen Informationen einsehen, ver\u00e4ndern oder l\u00f6schen (der Benutzername kann nicht ver\u00e4ndert werden). Administratoren der Website k\u00f6nnen diese Informationen ebenfalls einsehen und ver\u00e4ndern.<\/p>\n\n\n\n<h2 class=\"wp-block-heading\">H. Welche Rechte du an deinen Daten hast<\/h2>\n\n\n\n<p>Wenn du ein Konto auf dieser Website besitzt oder Kommentare geschrieben hast, kannst du einen Export deiner personenbezogenen Daten bei uns anfordern, inklusive aller Daten, die du uns mitgeteilt hast. Dar\u00fcber hinaus kannst du die L\u00f6schung aller personenbezogenen Daten, die wir von dir gespeichert haben, anfordern. Dies umfasst nicht die Daten, die wir aufgrund administrativer, rechtlicher oder sicherheitsrelevanter Notwendigkeiten aufbewahren m\u00fcssen.<\/p>\n\n\n\n<h2 class=\"wp-block-heading\">I. Wohin deine Daten gesendet werden<\/h2>\n\n\n\n<p>Besucher-Kommentare k\u00f6nnten von einem automatisierten Dienst zur Spam-Erkennung untersucht werden.<\/p>\n\n\n\n<h2 class=\"wp-block-heading\">J. Einbindung von Google Maps<\/h2>\n\n\n\n<p>Auf dieser Webseite nutzen wir das Angebot von Google Maps. Dadurch k\u00f6nnen wir dir interaktive Karten direkt in der Website anzeigen und erm\u00f6glichen dir die komfortable Nutzung der Karten-Funktion. Rechtsgrundlage f\u00fcr die Nutzung der Karten ist Art. 6 Abs. 1 S. 1 lit. a DS-GVO, d. h. die Einbindung erfolgt nur nach deiner Einwilligung.<\/p>\n\n\n\n<p>Durch den Besuch auf der Website erh\u00e4lt Google die Information, dass du die entsprechende Unterseite unserer Website aufgerufen haben. Zudem werden die oben genannten grundlegenden Daten wie IP-Adresse und Zeitstempel \u00fcbermittelt. Dies erfolgt unabh\u00e4ngig davon, ob Google ein Nutzerkonto bereitstellt, \u00fcber das du eingeloggt bist, oder ob kein Nutzerkonto besteht. Wenn du bei Google eingeloggt bist, werden deine Daten direkt deinem Konto zugeordnet. Wenn du die Zuordnung mit deinem Profil bei Google nicht w\u00fcnschst, musst du dich vor Aktivierung des Buttons ausloggen. Google speichert deine Daten als Nutzungsprofile und nutzt sie f\u00fcr Zwecke der Werbung, Marktforschung und\/oder bedarfsgerechten Gestaltung seiner Website. Eine solche Auswertung erfolgt insbesondere (selbst f\u00fcr nicht eingeloggte Nutzer) zur Erbringung von bedarfsgerechter Werbung und um andere Nutzer des sozialen Netzwerks \u00fcber deine Aktivit\u00e4ten auf unserer Website zu informieren. Dir steht ein Widerspruchsrecht zu gegen die Bildung dieser Nutzerprofile, wobei du dich zur Aus\u00fcbung dessen an Google richten musst.<\/p>\n\n\n\n<p>Die erhobenen Informationen werden auf Servern von Google, auch in den USA, gespeichert. F\u00fcr diese F\u00e4lle ist der Anbieter zertifizierter Teilnehmer des EU-U.S. Privacy Framework und hat zugesagt, bei der internationalen Daten\u00fcbermittlung anwendbare Datenschutzgesetze einzuhalten. Wir haben zudem sog. Standarddatenschutzklauseln mit Google vereinbart, deren Zweck die Einhaltung eines angemessenen Datenschutzniveaus im Drittland ist.<\/p>\n\n\n\n<p>Weitere Informationen zu Zweck und Umfang der Datenerhebung und ihrer Verarbeitung durch den Plug-in-Anbieter&nbsp;erh\u00e4ltst du in den Datenschutzerkl\u00e4rungen des Anbieters. Dort erh\u00e4ltst&nbsp;auch weitere Informationen zu deinem diesbez\u00fcglichen Rechten und Einstellungsm\u00f6glichkeiten zum Schutze deiner Privatsph\u00e4re:&nbsp;<a href=\"http:\/\/www.google.de\/intl\/de\/policies\/privacy\" target=\"_blank\" rel=\"noreferrer noopener\">http:\/\/www.google.de\/intl\/de\/policies\/privacy<\/a>&nbsp;.<\/p>\n\n\n\n<h2 class=\"wp-block-heading\">K. Newsletter<\/h2>\n\n\n\n<p>Mit deiner Einwilligung kannst du unseren Newsletter abonnieren, mit dem wir dich \u00fcber unsere aktuellen interessanten Angebote informieren. F\u00fcr die Anmeldung zu unserem Newsletter verwenden wir das sog. Double-Opt-In-Verfahren. Das hei\u00dft, dass wir dir nach deiner Anmeldung eine E-Mail an die angegebene E-Mail-Adresse senden, in welcher wir dich um Best\u00e4tigung bitten, dass du den Versand des Newsletters durch uns w\u00fcnschst. Wenn du deine Anmeldung nicht best\u00e4tigst, werden deine Informationen gesperrt und gel\u00f6scht. Dar\u00fcber hinaus speichern wir die folgenden \u201eNewsletterdaten\u201c:<\/p>\n\n\n\n<ul class=\"wp-block-list\">\n<li>Informationen \u00fcber den von dir verwendeten Browser und das von dir verwendete Betriebssystem;<\/li>\n\n\n\n<li>die Seite, von der aus die Seite angefordert wurde (sog. Referrer-URL);<\/li>\n\n\n\n<li>das Datum und die Uhrzeit des Aufrufs;<\/li>\n\n\n\n<li>die Beschreibung des Typs des verwendeten Webbrowsers;<\/li>\n\n\n\n<li>die IP-Adresse des anfragenden Rechners;<\/li>\n\n\n\n<li>die E-Mail-Adresse;<\/li>\n\n\n\n<li>das Datum und die Uhrzeit der Anmeldung und Best\u00e4tigung.<\/li>\n\n\n\n<li>Zweck des Verfahrens ist, deine Anmeldung nachzuweisen und ggf. einen m\u00f6glichen Missbrauch deiner pers\u00f6nlichen Daten aufkl\u00e4ren zu k\u00f6nnen.<\/li>\n<\/ul>\n\n\n\n<p>Pflichtangaben f\u00fcr die \u00dcbersendung des Newsletters sind deine Anrede, dein Vor- und Nachname sowie deine E-Mail-Adresse. Nach deiner Best\u00e4tigung speichern wir diese Daten zum Zweck der Zusendung des Newsletters. Im Rahmen der Anmeldung zu unserem Newsletter willigst du in die Verarbeitung deiner personenbezogenen Daten ein (Rechtsgrundlage ist Art. 6 Abs. 1 S. 1 lit. a) DS-GVO). Deine Einwilligung in die \u00dcbersendung des Newsletters kannst du jederzeit widerrufen und damit den Newsletter abbestellen. Den Widerruf kannst du durch Klick auf den in jeder Newsletter-E-Mail bereitgestellten Link, oder per E-Mail an\u00a0<a href=\"mailto:info@lebendiger-adventskalender-forsbach.de\">info@lebendiger-adventskalender-forsbach.de<\/a>\u00a0erkl\u00e4ren.\u00a0<\/p>\n","protected":false},"excerpt":{"rendered":"<p>A. Wer wir sind Die Adresse unserer Website ist: https:\/\/lebendiger-adventskalender-forsbach.de. Verantwortliche f\u00fcr die Seite sind Mike und Andrea Hansj\u00fcrgens. E-Mail: info@lebendiger-adventskalender-forsbach.de B. Kommentare Wenn Besucher Kommentare auf der Website schreiben, sammeln wir die Daten, die im Kommentar-Formular angezeigt werden, au\u00dferdem die IP-Adresse des Besuchers und den User-Agent-String (damit wird der Browser identifiziert), um die Erkennung &hellip; <\/p>\n<p class=\"link-more\"><a href=\"https:\/\/lebendiger-adventskalender-forsbach.de\/wordpress\/datenschutzerklaerung\/\" class=\"more-link\"><span class=\"screen-reader-text\">\u201eDatenschutzerkl\u00e4rung\u201c<\/span> weiterlesen<\/a><\/p>\n","protected":false},"author":1,"featured_media":0,"parent":0,"menu_order":0,"comment_status":"closed","ping_status":"closed","template":"","meta":{"footnotes":""},"class_list":["post-741","page","type-page","status-publish","hentry"],"post_mailing_queue_ids":[],"_links":{"self":[{"href":"https:\/\/lebendiger-adventskalender-forsbach.de\/wordpress\/wp-json\/wp\/v2\/pages\/741","targetHints":{"allow":["GET"]}}],"collection":[{"href":"https:\/\/lebendiger-adventskalender-forsbach.de\/wordpress\/wp-json\/wp\/v2\/pages"}],"about":[{"href":"https:\/\/lebendiger-adventskalender-forsbach.de\/wordpress\/wp-json\/wp\/v2\/types\/page"}],"author":[{"embeddable":true,"href":"https:\/\/lebendiger-adventskalender-forsbach.de\/wordpress\/wp-json\/wp\/v2\/users\/1"}],"replies":[{"embeddable":true,"href":"https:\/\/lebendiger-adventskalender-forsbach.de\/wordpress\/wp-json\/wp\/v2\/comments?post=741"}],"version-history":[{"count":3,"href":"https:\/\/lebendiger-adventskalender-forsbach.de\/wordpress\/wp-json\/wp\/v2\/pages\/741\/revisions"}],"predecessor-version":[{"id":745,"href":"https:\/\/lebendiger-adventskalender-forsbach.de\/wordpress\/wp-json\/wp\/v2\/pages\/741\/revisions\/745"}],"wp:attachment":[{"href":"https:\/\/lebendiger-adventskalender-forsbach.de\/wordpress\/wp-json\/wp\/v2\/media?parent=741"}],"curies":[{"name":"wp","href":"https:\/\/api.w.org\/{rel}","templated":true}]}}